{"id":116,"date":"2025-10-04T13:48:22","date_gmt":"2025-10-04T13:48:22","guid":{"rendered":"https:\/\/sigmacertteknik.com\/?page_id=116"},"modified":"2025-10-08T10:57:03","modified_gmt":"2025-10-08T10:57:03","slug":"raf-sistemleri","status":"publish","type":"page","link":"https:\/\/sigmacertteknik.com\/?page_id=116","title":{"rendered":"Raf Sistemleri"},"content":{"rendered":"\t\t<div data-elementor-type=\"wp-page\" data-elementor-id=\"116\" class=\"elementor elementor-116\">\n\t\t\t\t<div class=\"elementor-element elementor-element-ba6260a e-flex e-con-boxed e-con e-parent\" data-id=\"ba6260a\" data-element_type=\"container\">\n\t\t\t\t\t<div class=\"e-con-inner\">\n\t\t\t\t<div class=\"elementor-element elementor-element-6ad1d07 elementor-widget elementor-widget-text-editor\" data-id=\"6ad1d07\" data-element_type=\"widget\" data-widget_type=\"text-editor.default\">\n\t\t\t\t\t\t\t\t\t<p><strong><span style=\"color: #d13434;\">Raf Sistemleri<\/span><\/strong><\/p>\t\t\t\t\t\t\t\t<\/div>\n\t\t\t\t\t<\/div>\n\t\t\t\t<\/div>\n\t\t<div class=\"elementor-element elementor-element-452dd899 e-flex e-con-boxed e-con e-parent\" data-id=\"452dd899\" data-element_type=\"container\">\n\t\t\t\t\t<div class=\"e-con-inner\">\n\t\t\t\t<div class=\"elementor-element elementor-element-61d8487e elementor-widget elementor-widget-text-editor\" data-id=\"61d8487e\" data-element_type=\"widget\" data-widget_type=\"text-editor.default\">\n\t\t\t\t\t\t\t\t\t<details class=\"wp-block-details is-layout-flow wp-block-details-is-layout-flow\">\n<summary><strong>Raf Sistemleri Periyodik Kontrol<\/strong><\/summary>\n\n<p>Raf sistemleri, bulundu\u011fu firmaya maksimum yer tasarrufu sa\u011flamak amac\u0131 ile, \u00e7o\u011funlukla \u00fczerinde tonlarca y\u00fck kald\u0131racak \u015fekilde, y\u00fcksek doluluk oran\u0131 ile kullan\u0131lmaktad\u0131r. Yeni kurulan veya bile\u015fenlerinde de\u011fi\u015fiklik yap\u0131lan raf sistemlerinin statik dayan\u0131m hesaplamalar\u0131 yetkin bir m\u00fchendis taraf\u0131ndan deprem kuvvetleri de dikkate al\u0131narak yap\u0131lmal\u0131d\u0131r ve \u00e7al\u0131\u015fmalarda bu hesaplarda kullan\u0131lmal\u0131d\u0131r.<br \/>Depolar kullan\u0131lan kald\u0131rma ve ta\u015f\u0131ma ekipmanlar\u0131n\u0131n olmas\u0131, y\u00fckl\u00fc olan paletlerin hareket ettirerek ta\u015f\u0131nmas\u0131ndan dolay\u0131 y\u00fcksek derecede risk bar\u0131nd\u0131ran b\u00f6lgelerdir. Bu nedenle depo raflar\u0131ndaki risklerin s\u00fcrekli ve sistemli bir \u015fekilde kontrol alt\u0131nda tutulmas\u0131 gereklidir. B\u00f6ylece muhtemel kazalar olu\u015fmadan \u00f6nce belirlenebilir ve her biri i\u00e7in gerekli tedbirler al\u0131nm\u0131\u015f olur.<br \/>Raflar\u0131n kurulumundan sonra da zaman i\u00e7inde \u00e7arp\u0131lmalar, nem, zamanla y\u0131pranma vb. nedenlerle olu\u015facak olan hasarlar\u0131n tehlike olu\u015fturacak boyuta ula\u015fmadan tespit edilerek giderilmesi gerekmektedir. TS EN 15635 standard\u0131na g\u00f6re, raf sistemlerinin y\u0131lda en az 1 kez yetkin personel taraf\u0131ndan periyodik kontrolleri yap\u0131lmal\u0131d\u0131r.<\/p>\n<\/details><hr class=\"wp-block-separator has-alpha-channel-opacity is-style-wide\" \/><details class=\"wp-block-details is-layout-flow wp-block-details-is-layout-flow\">\n<summary><strong>Raf Periyodik Kontrol<\/strong><\/summary>\n\n<p>Depolar kullan\u0131lan kald\u0131rma ve ta\u015f\u0131ma ekipmanlar\u0131n\u0131n olmas\u0131, y\u00fckl\u00fc olan paletlerin hareket ettirerek ta\u015f\u0131nmas\u0131ndan dolay\u0131 y\u00fcksek derecede risk bar\u0131nd\u0131ran b\u00f6lgelerdir. Bu nedenle depo raflar\u0131ndaki risklerin s\u00fcrekli ve sistemli bir \u015fekilde kontrol alt\u0131nda tutulmas\u0131 gereklidir. Bu nedenle muhtemel kazalar\u0131n olu\u015fmadan \u00f6nce belirlenmesi gerekli tedbirlerin al\u0131nmas\u0131 gereklidir.<br \/>TS EN 15635 standard\u0131na g\u00f6re, raf sistemlerinin y\u0131lda en az bir kez uzman m\u00fchendisler taraf\u0131ndan periyodik kontrolleri yap\u0131lmal\u0131d\u0131r.<br \/>Sigmacert Global uzman m\u00fchendisleri periyodik kontroller s\u0131ras\u0131nda a\u015fa\u011f\u0131daki kritik kontrolleri yapar;<br \/>Darbe y\u00fck\u00fc alan herhangi bir yap\u0131 eleman\u0131n\u0131n olup olmad\u0131\u011f\u0131n\u0131n kontrol\u00fc<br \/>Kolon ayaklar\u0131n\u0131n d\u00fc\u015fey ekseninden ka\u00e7\u0131kl\u0131\u011f\u0131n\u0131n kontrol\u00fc<br \/>Taban plakas\u0131 ve kiri\u015f kolon ba\u011flant\u0131lar\u0131ndaki g\u00f6rsel hasarlar<br \/>Kaynak veya malzeme y\u00fczeyinde \u00e7atlak kontrolleri<br \/>Raflar\u0131n oturdu\u011fu temelin durumu<br \/>Paletlerdeki y\u00fcklerin pozisyonu<br \/>Rafa y\u00fck getiren ekstra ekipman varsa onun raf \u00fczerindeki aparat\u0131n\u0131n pozisyonunun uygunlu\u011funun kontrol\u00fc<br \/>\u0130\u015f g\u00fcvenli\u011fi levhalar\u0131 ve uyar\u0131lar\u0131n\u0131n g\u00fcncelli\u011finin kontrol\u00fc<br \/>\u201cKapasite \u00fczeri \u2013 overload\u201d y\u00fckleme durumunun kontrol\u00fc<br \/>Noktasal veya tekil y\u00fcklerin boyutlar\u0131n\u0131n ve stabilitesinin kontrol\u00fc<\/p>\n<\/details><hr class=\"wp-block-separator has-alpha-channel-opacity is-style-wide\" \/><details class=\"wp-block-details is-layout-flow wp-block-details-is-layout-flow\">\n<summary><strong>Raf Kapasite Periyodik Kontrol<\/strong><\/summary>\n\n<p>Raf sistemleri bulundu\u011fu firmaya maksimum yer kapasitesi sa\u011flamak amac\u0131 ile \u00fczerinde tonlarca y\u00fck bar\u0131nd\u0131ran y\u00fcksek doluluk oran\u0131na ile kullan\u0131lan ekipmanlard\u0131r. Yeni kurulan ve kullan\u0131mda olan raf sistemlerinin statik analiz raporlar\u0131n\u0131n yetkin bir m\u00fchendis taraf\u0131ndan deprem kuvvetleri de dikkate al\u0131narak hesaplanmal\u0131d\u0131r.<br \/>Sigmacert Global uzman m\u00fchendis ekibi ile;<br \/>\u00dc\u00e7 boyutlu statik ve dinamik analizlerinin yap\u0131larak projelerinin tasarlanmas\u0131<br \/>Mevcut depo raflar\u0131n\u0131n statik analizlerinin yap\u0131larak i\u015f g\u00fcvenli\u011finin gerektirdi\u011fi statik raporlar\u0131n haz\u0131rlanmas\u0131<br \/>Deplasman kontroll\u00fc performans analizinin yap\u0131lmas\u0131<br \/>Etkin kesit hesab\u0131 dikkate al\u0131narak profillerin ta\u015f\u0131ma kapasitelerinin belirlenmesi<br \/>\u0130stenilen deprem specturumu ile yap\u0131n\u0131n deprem performans\u0131n\u0131n belirlenmesi konular\u0131nda hizmet vermektedir.<\/p>\n<\/details>\t\t\t\t\t\t\t\t<\/div>\n\t\t\t\t\t<\/div>\n\t\t\t\t<\/div>\n\t\t\t\t<\/div>\n\t\t","protected":false},"excerpt":{"rendered":"<p>Raf Sistemleri<\/p>\n","protected":false},"author":1,"featured_media":0,"parent":22,"menu_order":0,"comment_status":"closed","ping_status":"closed","template":"elementor_header_footer","meta":{"site-sidebar-layout":"default","site-content-layout":"","ast-site-content-layout":"default","site-content-style":"default","site-sidebar-style":"default","ast-global-header-display":"","ast-banner-title-visibility":"","ast-main-header-display":"","ast-hfb-above-header-display":"","ast-hfb-below-header-display":"","ast-hfb-mobile-header-display":"","site-post-title":"disabled","ast-breadcrumbs-content":"","ast-featured-img":"","footer-sml-layout":"","theme-transparent-header-meta":"","adv-header-id-meta":"","stick-header-meta":"","header-above-stick-meta":"","header-main-stick-meta":"","header-below-stick-meta":"","astra-migrate-meta-layouts":"default","ast-page-background-enabled":"default","ast-page-background-meta":{"desktop":{"background-color":"var(--ast-global-color-5)","background-image":"","background-repeat":"repeat","background-position":"center center","background-size":"auto","background-attachment":"scroll","background-type":"","background-media":"","overlay-type":"","overlay-color":"","overlay-opacity":"","overlay-gradient":""},"tablet":{"background-color":"","background-image":"","background-repeat":"repeat","background-position":"center center","background-size":"auto","background-attachment":"scroll","background-type":"","background-media":"","overlay-type":"","overlay-color":"","overlay-opacity":"","overlay-gradient":""},"mobile":{"background-color":"","background-image":"","background-repeat":"repeat","background-position":"center center","background-size":"auto","background-attachment":"scroll","background-type":"","background-media":"","overlay-type":"","overlay-color":"","overlay-opacity":"","overlay-gradient":""}},"ast-content-background-meta":{"desktop":{"background-color":"var(--ast-global-color-4)","background-image":"","background-repeat":"repeat","background-position":"center center","background-size":"auto","background-attachment":"scroll","background-type":"","background-media":"","overlay-type":"","overlay-color":"","overlay-opacity":"","overlay-gradient":""},"tablet":{"background-color":"var(--ast-global-color-4)","background-image":"","background-repeat":"repeat","background-position":"center center","background-size":"auto","background-attachment":"scroll","background-type":"","background-media":"","overlay-type":"","overlay-color":"","overlay-opacity":"","overlay-gradient":""},"mobile":{"background-color":"var(--ast-global-color-4)","background-image":"","background-repeat":"repeat","background-position":"center center","background-size":"auto","background-attachment":"scroll","background-type":"","background-media":"","overlay-type":"","overlay-color":"","overlay-opacity":"","overlay-gradient":""}},"footnotes":""},"class_list":["post-116","page","type-page","status-publish","hentry"],"_links":{"self":[{"href":"https:\/\/sigmacertteknik.com\/index.php?rest_route=\/wp\/v2\/pages\/116","targetHints":{"allow":["GET"]}}],"collection":[{"href":"https:\/\/sigmacertteknik.com\/index.php?rest_route=\/wp\/v2\/pages"}],"about":[{"href":"https:\/\/sigmacertteknik.com\/index.php?rest_route=\/wp\/v2\/types\/page"}],"author":[{"embeddable":true,"href":"https:\/\/sigmacertteknik.com\/index.php?rest_route=\/wp\/v2\/users\/1"}],"replies":[{"embeddable":true,"href":"https:\/\/sigmacertteknik.com\/index.php?rest_route=%2Fwp%2Fv2%2Fcomments&post=116"}],"version-history":[{"count":9,"href":"https:\/\/sigmacertteknik.com\/index.php?rest_route=\/wp\/v2\/pages\/116\/revisions"}],"predecessor-version":[{"id":456,"href":"https:\/\/sigmacertteknik.com\/index.php?rest_route=\/wp\/v2\/pages\/116\/revisions\/456"}],"up":[{"embeddable":true,"href":"https:\/\/sigmacertteknik.com\/index.php?rest_route=\/wp\/v2\/pages\/22"}],"wp:attachment":[{"href":"https:\/\/sigmacertteknik.com\/index.php?rest_route=%2Fwp%2Fv2%2Fmedia&parent=116"}],"curies":[{"name":"wp","href":"https:\/\/api.w.org\/{rel}","templated":true}]}}